{"id":130,"date":"2023-05-15T02:33:32","date_gmt":"2023-05-15T05:33:32","guid":{"rendered":"https:\/\/primeup.salsanova.cloud\/?page_id=130"},"modified":"2023-05-19T22:00:13","modified_gmt":"2023-05-20T01:00:13","slug":"nosso-time","status":"publish","type":"page","link":"https:\/\/primeup.salsanova.cloud\/index.php\/nosso-time\/","title":{"rendered":"Nosso time"},"content":{"rendered":"\t\t<div data-elementor-type=\"wp-page\" data-elementor-id=\"130\" class=\"elementor elementor-130\">\n\t\t\t\t\t\t\t\t\t<section class=\"elementor-section elementor-top-section elementor-element elementor-element-faaafe1 elementor-section-boxed elementor-section-height-default elementor-section-height-default\" data-id=\"faaafe1\" data-element_type=\"section\" data-settings=\"{&quot;background_background&quot;:&quot;classic&quot;}\">\n\t\t\t\t\t\t<div class=\"elementor-container elementor-column-gap-default\">\n\t\t\t\t\t<div class=\"elementor-column elementor-col-100 elementor-top-column elementor-element elementor-element-282a755\" data-id=\"282a755\" data-element_type=\"column\">\n\t\t\t<div class=\"elementor-widget-wrap elementor-element-populated\">\n\t\t\t\t\t\t\t\t<div class=\"elementor-element elementor-element-ad25aa3 elementor-widget elementor-widget-text-editor\" data-id=\"ad25aa3\" data-element_type=\"widget\" data-widget_type=\"text-editor.default\">\n\t\t\t\t<div class=\"elementor-widget-container\">\n\t\t\t<style>\/*! elementor - v3.13.0 - 08-05-2023 *\/\n.elementor-widget-text-editor.elementor-drop-cap-view-stacked .elementor-drop-cap{background-color:#69727d;color:#fff}.elementor-widget-text-editor.elementor-drop-cap-view-framed .elementor-drop-cap{color:#69727d;border:3px solid;background-color:transparent}.elementor-widget-text-editor:not(.elementor-drop-cap-view-default) .elementor-drop-cap{margin-top:8px}.elementor-widget-text-editor:not(.elementor-drop-cap-view-default) .elementor-drop-cap-letter{width:1em;height:1em}.elementor-widget-text-editor .elementor-drop-cap{float:left;text-align:center;line-height:1;font-size:50px}.elementor-widget-text-editor .elementor-drop-cap-letter{display:inline-block}<\/style>\t\t\t\t\t\t\t\t\t\t<\/div>\n\t\t\t\t<\/div>\n\t\t\t\t\t<\/div>\n\t\t<\/div>\n\t\t\t\t\t\t\t<\/div>\n\t\t<\/section>\n\t\t\t\t<section class=\"elementor-section elementor-top-section elementor-element elementor-element-85c55fb elementor-hidden-tablet elementor-hidden-mobile elementor-section-boxed elementor-section-height-default elementor-section-height-default\" data-id=\"85c55fb\" data-element_type=\"section\" data-settings=\"{&quot;background_background&quot;:&quot;classic&quot;}\">\n\t\t\t\t\t\t<div class=\"elementor-container elementor-column-gap-default\">\n\t\t\t\t\t<div class=\"elementor-column elementor-col-50 elementor-top-column elementor-element elementor-element-f5aa24a\" data-id=\"f5aa24a\" data-element_type=\"column\">\n\t\t\t<div class=\"elementor-widget-wrap elementor-element-populated\">\n\t\t\t\t\t\t\t\t<div class=\"elementor-element elementor-element-862617e elementor-widget elementor-widget-text-editor\" data-id=\"862617e\" data-element_type=\"widget\" data-widget_type=\"text-editor.default\">\n\t\t\t\t<div class=\"elementor-widget-container\">\n\t\t\t\t\t\t\t<p>Por tr\u00e1s de tecnologia, inova\u00e7\u00e3o <br \/>e excel\u00eanicia <strong>temos pessoas.<\/strong><\/p>\t\t\t\t\t\t<\/div>\n\t\t\t\t<\/div>\n\t\t\t\t\t<\/div>\n\t\t<\/div>\n\t\t\t\t<div class=\"elementor-column elementor-col-50 elementor-top-column elementor-element elementor-element-8fc82cd\" data-id=\"8fc82cd\" data-element_type=\"column\">\n\t\t\t<div class=\"elementor-widget-wrap elementor-element-populated\">\n\t\t\t\t\t\t\t\t<div class=\"elementor-element elementor-element-78db072 elementor-widget__width-initial elementor-widget elementor-widget-image\" data-id=\"78db072\" data-element_type=\"widget\" data-widget_type=\"image.default\">\n\t\t\t\t<div class=\"elementor-widget-container\">\n\t\t\t<style>\/*! elementor - v3.13.0 - 08-05-2023 *\/\n.elementor-widget-image{text-align:center}.elementor-widget-image a{display:inline-block}.elementor-widget-image a img[src$=\".svg\"]{width:48px}.elementor-widget-image img{vertical-align:middle;display:inline-block}<\/style>\t\t\t\t\t\t\t\t\t\t\t\t<img decoding=\"async\" width=\"806\" height=\"551\" src=\"https:\/\/primeup.salsanova.cloud\/wp-content\/uploads\/2023\/05\/Grupo-294.png\" class=\"attachment-full size-full wp-image-132\" alt=\"\" loading=\"lazy\" srcset=\"https:\/\/primeup.salsanova.cloud\/wp-content\/uploads\/2023\/05\/Grupo-294.png 806w, https:\/\/primeup.salsanova.cloud\/wp-content\/uploads\/2023\/05\/Grupo-294-300x205.png 300w, https:\/\/primeup.salsanova.cloud\/wp-content\/uploads\/2023\/05\/Grupo-294-768x525.png 768w\" sizes=\"(max-width: 806px) 100vw, 806px\" \/>\t\t\t\t\t\t\t\t\t\t\t\t\t\t\t<\/div>\n\t\t\t\t<\/div>\n\t\t\t\t\t<\/div>\n\t\t<\/div>\n\t\t\t\t\t\t\t<\/div>\n\t\t<\/section>\n\t\t\t\t<section class=\"elementor-section elementor-top-section elementor-element elementor-element-dca3555 elementor-hidden-tablet elementor-hidden-mobile elementor-section-boxed elementor-section-height-default elementor-section-height-default\" data-id=\"dca3555\" data-element_type=\"section\" data-settings=\"{&quot;background_background&quot;:&quot;gradient&quot;}\">\n\t\t\t\t\t\t<div class=\"elementor-container elementor-column-gap-default\">\n\t\t\t\t\t<div class=\"elementor-column elementor-col-50 elementor-top-column elementor-element elementor-element-7be1813\" data-id=\"7be1813\" data-element_type=\"column\">\n\t\t\t<div class=\"elementor-widget-wrap elementor-element-populated\">\n\t\t\t\t\t\t\t\t<div class=\"elementor-element elementor-element-935887e elementor-widget__width-initial elementor-widget elementor-widget-image\" data-id=\"935887e\" data-element_type=\"widget\" data-widget_type=\"image.default\">\n\t\t\t\t<div class=\"elementor-widget-container\">\n\t\t\t\t\t\t\t\t\t\t\t\t\t\t\t<img decoding=\"async\" width=\"603\" height=\"439\" src=\"https:\/\/primeup.salsanova.cloud\/wp-content\/uploads\/2023\/05\/Grupo-148.png\" class=\"attachment-full size-full wp-image-133\" alt=\"\" loading=\"lazy\" srcset=\"https:\/\/primeup.salsanova.cloud\/wp-content\/uploads\/2023\/05\/Grupo-148.png 603w, https:\/\/primeup.salsanova.cloud\/wp-content\/uploads\/2023\/05\/Grupo-148-300x218.png 300w\" sizes=\"(max-width: 603px) 100vw, 603px\" \/>\t\t\t\t\t\t\t\t\t\t\t\t\t\t\t<\/div>\n\t\t\t\t<\/div>\n\t\t\t\t\t<\/div>\n\t\t<\/div>\n\t\t\t\t<div class=\"elementor-column elementor-col-50 elementor-top-column elementor-element elementor-element-f979844\" data-id=\"f979844\" data-element_type=\"column\">\n\t\t\t<div class=\"elementor-widget-wrap elementor-element-populated\">\n\t\t\t\t\t\t\t\t<div class=\"elementor-element elementor-element-1f9a6a7 elementor-widget elementor-widget-text-editor\" data-id=\"1f9a6a7\" data-element_type=\"widget\" data-widget_type=\"text-editor.default\">\n\t\t\t\t<div class=\"elementor-widget-container\">\n\t\t\t\t\t\t\t<p>Para atender aos mais diversos desafios de nossos clientes, contamos com um time multidisciplinar composto por especialistas nas mais diversas \u00e1reas da tecnologia.<\/p>\t\t\t\t\t\t<\/div>\n\t\t\t\t<\/div>\n\t\t\t\t<div class=\"elementor-element elementor-element-3725b0d elementor-widget elementor-widget-text-editor\" data-id=\"3725b0d\" data-element_type=\"widget\" data-widget_type=\"text-editor.default\">\n\t\t\t\t<div class=\"elementor-widget-container\">\n\t\t\t\t\t\t\t<p>Somos mais de 200 profissionais<\/p>\t\t\t\t\t\t<\/div>\n\t\t\t\t<\/div>\n\t\t\t\t<div class=\"elementor-element elementor-element-9fa5ce7 elementor-widget elementor-widget-text-editor\" data-id=\"9fa5ce7\" data-element_type=\"widget\" data-widget_type=\"text-editor.default\">\n\t\t\t\t<div class=\"elementor-widget-container\">\n\t\t\t\t\t\t\t<p>Distribu\u00eddos em todo o Brasil. Pessoas que adoram aprender e trabalhar juntas para entregar solu\u00e7\u00f5es com qualidade e excel\u00eancia.<\/p>\t\t\t\t\t\t<\/div>\n\t\t\t\t<\/div>\n\t\t\t\t<div class=\"elementor-element elementor-element-49fd174 elementor-widget elementor-widget-text-editor\" data-id=\"49fd174\" data-element_type=\"widget\" data-widget_type=\"text-editor.default\">\n\t\t\t\t<div class=\"elementor-widget-container\">\n\t\t\t\t\t\t\t<p>Nos orgulhamos de cada Primer e de poder fazer parte de suas jornadas de crescimento e desenvolvimento pessoal e profissional.<\/p>\t\t\t\t\t\t<\/div>\n\t\t\t\t<\/div>\n\t\t\t\t\t<\/div>\n\t\t<\/div>\n\t\t\t\t\t\t\t<\/div>\n\t\t<\/section>\n\t\t\t\t<section class=\"elementor-section elementor-top-section elementor-element elementor-element-e154495 elementor-hidden-desktop elementor-section-boxed elementor-section-height-default elementor-section-height-default\" data-id=\"e154495\" data-element_type=\"section\">\n\t\t\t\t\t\t<div class=\"elementor-container elementor-column-gap-no\">\n\t\t\t\t\t<div class=\"elementor-column elementor-col-100 elementor-top-column elementor-element elementor-element-e02ef91\" data-id=\"e02ef91\" data-element_type=\"column\">\n\t\t\t<div class=\"elementor-widget-wrap elementor-element-populated\">\n\t\t\t\t\t\t\t\t<div class=\"elementor-element elementor-element-10e139a elementor-widget elementor-widget-image\" data-id=\"10e139a\" data-element_type=\"widget\" data-widget_type=\"image.default\">\n\t\t\t\t<div class=\"elementor-widget-container\">\n\t\t\t\t\t\t\t\t\t\t\t\t\t\t\t<img decoding=\"async\" width=\"800\" height=\"458\" src=\"https:\/\/primeup.salsanova.cloud\/wp-content\/uploads\/2023\/05\/Grupo-403@3x-1024x586.png\" class=\"attachment-large size-large wp-image-381\" alt=\"\" loading=\"lazy\" srcset=\"https:\/\/primeup.salsanova.cloud\/wp-content\/uploads\/2023\/05\/Grupo-403@3x-1024x586.png 1024w, https:\/\/primeup.salsanova.cloud\/wp-content\/uploads\/2023\/05\/Grupo-403@3x-300x172.png 300w, https:\/\/primeup.salsanova.cloud\/wp-content\/uploads\/2023\/05\/Grupo-403@3x-768x439.png 768w, https:\/\/primeup.salsanova.cloud\/wp-content\/uploads\/2023\/05\/Grupo-403@3x.png 1128w\" sizes=\"(max-width: 800px) 100vw, 800px\" \/>\t\t\t\t\t\t\t\t\t\t\t\t\t\t\t<\/div>\n\t\t\t\t<\/div>\n\t\t\t\t<div class=\"elementor-element elementor-element-d8b6a51 elementor-widget elementor-widget-heading\" data-id=\"d8b6a51\" data-element_type=\"widget\" data-widget_type=\"heading.default\">\n\t\t\t\t<div class=\"elementor-widget-container\">\n\t\t\t<style>\/*! elementor - v3.13.0 - 08-05-2023 *\/\n.elementor-heading-title{padding:0;margin:0;line-height:1}.elementor-widget-heading .elementor-heading-title[class*=elementor-size-]>a{color:inherit;font-size:inherit;line-height:inherit}.elementor-widget-heading .elementor-heading-title.elementor-size-small{font-size:15px}.elementor-widget-heading .elementor-heading-title.elementor-size-medium{font-size:19px}.elementor-widget-heading .elementor-heading-title.elementor-size-large{font-size:29px}.elementor-widget-heading .elementor-heading-title.elementor-size-xl{font-size:39px}.elementor-widget-heading .elementor-heading-title.elementor-size-xxl{font-size:59px}<\/style><h2 class=\"elementor-heading-title elementor-size-default\">Por tr\u00e1s de tecnologia, inova\u00e7\u00e3o e excel\u00eanicia temos pessoas.<\/h2>\t\t<\/div>\n\t\t\t\t<\/div>\n\t\t\t\t<div class=\"elementor-element elementor-element-05d3b5a elementor-widget elementor-widget-text-editor\" data-id=\"05d3b5a\" data-element_type=\"widget\" data-widget_type=\"text-editor.default\">\n\t\t\t\t<div class=\"elementor-widget-container\">\n\t\t\t\t\t\t\t<p>Para atender aos mais diversos desafios de nossos clientes, contamos com um time multidisciplinar composto por especialistas nas mais diversas \u00e1reas da tecnologia.<\/p>\t\t\t\t\t\t<\/div>\n\t\t\t\t<\/div>\n\t\t\t\t<div class=\"elementor-element elementor-element-0a60bec elementor-widget elementor-widget-text-editor\" data-id=\"0a60bec\" data-element_type=\"widget\" data-widget_type=\"text-editor.default\">\n\t\t\t\t<div class=\"elementor-widget-container\">\n\t\t\t\t\t\t\t<p>Somos mais de 200 profissionais distribu\u00eddos em todo o Brasil. Pessoas que adoram aprender e trabalhar juntas para entregar solu\u00e7\u00f5es com qualidade e excel\u00eancia.<\/p>\t\t\t\t\t\t<\/div>\n\t\t\t\t<\/div>\n\t\t\t\t<div class=\"elementor-element elementor-element-9705338 elementor-widget elementor-widget-text-editor\" data-id=\"9705338\" data-element_type=\"widget\" data-widget_type=\"text-editor.default\">\n\t\t\t\t<div class=\"elementor-widget-container\">\n\t\t\t\t\t\t\t<p>Nos orgulhamos de cada Primer e de poder fazer parte de suas jornadas de crescimento e desenvolvimento pessoal e profissional.<\/p>\t\t\t\t\t\t<\/div>\n\t\t\t\t<\/div>\n\t\t\t\t\t<\/div>\n\t\t<\/div>\n\t\t\t\t\t\t\t<\/div>\n\t\t<\/section>\n\t\t\t\t\t\t\t<\/div>\n\t\t","protected":false},"excerpt":{"rendered":"<p>Por tr\u00e1s de tecnologia, inova\u00e7\u00e3o e excel\u00eanicia temos pessoas. Para atender aos mais diversos desafios de nossos clientes, contamos com um time multidisciplinar composto por especialistas nas mais diversas \u00e1reas da tecnologia. Somos mais de 200 profissionais Distribu\u00eddos em todo o Brasil. Pessoas que adoram aprender e trabalhar juntas para entregar solu\u00e7\u00f5es com qualidade e [&hellip;]<\/p>\n","protected":false},"author":1,"featured_media":0,"parent":0,"menu_order":0,"comment_status":"closed","ping_status":"closed","template":"elementor_header_footer","meta":[],"_links":{"self":[{"href":"https:\/\/primeup.salsanova.cloud\/index.php\/wp-json\/wp\/v2\/pages\/130"}],"collection":[{"href":"https:\/\/primeup.salsanova.cloud\/index.php\/wp-json\/wp\/v2\/pages"}],"about":[{"href":"https:\/\/primeup.salsanova.cloud\/index.php\/wp-json\/wp\/v2\/types\/page"}],"author":[{"embeddable":true,"href":"https:\/\/primeup.salsanova.cloud\/index.php\/wp-json\/wp\/v2\/users\/1"}],"replies":[{"embeddable":true,"href":"https:\/\/primeup.salsanova.cloud\/index.php\/wp-json\/wp\/v2\/comments?post=130"}],"version-history":[{"count":10,"href":"https:\/\/primeup.salsanova.cloud\/index.php\/wp-json\/wp\/v2\/pages\/130\/revisions"}],"predecessor-version":[{"id":392,"href":"https:\/\/primeup.salsanova.cloud\/index.php\/wp-json\/wp\/v2\/pages\/130\/revisions\/392"}],"wp:attachment":[{"href":"https:\/\/primeup.salsanova.cloud\/index.php\/wp-json\/wp\/v2\/media?parent=130"}],"curies":[{"name":"wp","href":"https:\/\/api.w.org\/{rel}","templated":true}]}}