{"id":124,"date":"2023-05-15T02:30:12","date_gmt":"2023-05-15T05:30:12","guid":{"rendered":"https:\/\/primeup.salsanova.cloud\/?page_id=124"},"modified":"2023-05-19T21:32:44","modified_gmt":"2023-05-20T00:32:44","slug":"clientes","status":"publish","type":"page","link":"https:\/\/primeup.salsanova.cloud\/index.php\/clientes\/","title":{"rendered":"Clientes"},"content":{"rendered":"\t\t<div data-elementor-type=\"wp-page\" data-elementor-id=\"124\" class=\"elementor elementor-124\">\n\t\t\t\t\t\t\t\t\t<section class=\"elementor-section elementor-top-section elementor-element elementor-element-ad481ad elementor-hidden-tablet elementor-hidden-mobile elementor-section-boxed elementor-section-height-default elementor-section-height-default\" data-id=\"ad481ad\" data-element_type=\"section\" data-settings=\"{&quot;background_background&quot;:&quot;classic&quot;}\">\n\t\t\t\t\t\t<div class=\"elementor-container elementor-column-gap-default\">\n\t\t\t\t\t<div class=\"elementor-column elementor-col-50 elementor-top-column elementor-element elementor-element-50fdd95\" data-id=\"50fdd95\" data-element_type=\"column\">\n\t\t\t<div class=\"elementor-widget-wrap elementor-element-populated\">\n\t\t\t\t\t\t\t\t<div class=\"elementor-element elementor-element-ebfdd33 elementor-widget elementor-widget-text-editor\" data-id=\"ebfdd33\" data-element_type=\"widget\" data-widget_type=\"text-editor.default\">\n\t\t\t\t<div class=\"elementor-widget-container\">\n\t\t\t<style>\/*! elementor - v3.13.0 - 08-05-2023 *\/\n.elementor-widget-text-editor.elementor-drop-cap-view-stacked .elementor-drop-cap{background-color:#69727d;color:#fff}.elementor-widget-text-editor.elementor-drop-cap-view-framed .elementor-drop-cap{color:#69727d;border:3px solid;background-color:transparent}.elementor-widget-text-editor:not(.elementor-drop-cap-view-default) .elementor-drop-cap{margin-top:8px}.elementor-widget-text-editor:not(.elementor-drop-cap-view-default) .elementor-drop-cap-letter{width:1em;height:1em}.elementor-widget-text-editor .elementor-drop-cap{float:left;text-align:center;line-height:1;font-size:50px}.elementor-widget-text-editor .elementor-drop-cap-letter{display:inline-block}<\/style>\t\t\t\t<p>Apoiamos nossos clientes em seus desafios de neg\u00f3cio.<\/p>\t\t\t\t\t\t<\/div>\n\t\t\t\t<\/div>\n\t\t\t\t<div class=\"elementor-element elementor-element-84d6456 elementor-widget elementor-widget-text-editor\" data-id=\"84d6456\" data-element_type=\"widget\" data-widget_type=\"text-editor.default\">\n\t\t\t\t<div class=\"elementor-widget-container\">\n\t\t\t\t\t\t\t<p>Conhe\u00e7a quem j\u00e1 <br \/>trabalhou conosco.<\/p>\t\t\t\t\t\t<\/div>\n\t\t\t\t<\/div>\n\t\t\t\t\t<\/div>\n\t\t<\/div>\n\t\t\t\t<div class=\"elementor-column elementor-col-50 elementor-top-column elementor-element elementor-element-c7eb932\" data-id=\"c7eb932\" data-element_type=\"column\">\n\t\t\t<div class=\"elementor-widget-wrap elementor-element-populated\">\n\t\t\t\t\t\t\t\t<div class=\"elementor-element elementor-element-15df920 elementor-widget__width-initial elementor-widget elementor-widget-image\" data-id=\"15df920\" data-element_type=\"widget\" data-widget_type=\"image.default\">\n\t\t\t\t<div class=\"elementor-widget-container\">\n\t\t\t<style>\/*! elementor - v3.13.0 - 08-05-2023 *\/\n.elementor-widget-image{text-align:center}.elementor-widget-image a{display:inline-block}.elementor-widget-image a img[src$=\".svg\"]{width:48px}.elementor-widget-image img{vertical-align:middle;display:inline-block}<\/style>\t\t\t\t\t\t\t\t\t\t\t\t<img decoding=\"async\" width=\"330\" height=\"312\" src=\"https:\/\/primeup.salsanova.cloud\/wp-content\/uploads\/2023\/05\/Repeticao-de-grade-1-2.png\" class=\"attachment-large size-large wp-image-126\" alt=\"\" loading=\"lazy\" srcset=\"https:\/\/primeup.salsanova.cloud\/wp-content\/uploads\/2023\/05\/Repeticao-de-grade-1-2.png 330w, https:\/\/primeup.salsanova.cloud\/wp-content\/uploads\/2023\/05\/Repeticao-de-grade-1-2-300x284.png 300w\" sizes=\"(max-width: 330px) 100vw, 330px\" \/>\t\t\t\t\t\t\t\t\t\t\t\t\t\t\t<\/div>\n\t\t\t\t<\/div>\n\t\t\t\t\t<\/div>\n\t\t<\/div>\n\t\t\t\t\t\t\t<\/div>\n\t\t<\/section>\n\t\t\t\t<section class=\"elementor-section elementor-top-section elementor-element elementor-element-663405d elementor-hidden-desktop elementor-section-boxed elementor-section-height-default elementor-section-height-default\" data-id=\"663405d\" data-element_type=\"section\" data-settings=\"{&quot;background_background&quot;:&quot;classic&quot;}\">\n\t\t\t\t\t\t<div class=\"elementor-container elementor-column-gap-no\">\n\t\t\t\t\t<div class=\"elementor-column elementor-col-50 elementor-top-column elementor-element elementor-element-eca4cf0\" data-id=\"eca4cf0\" data-element_type=\"column\">\n\t\t\t<div class=\"elementor-widget-wrap elementor-element-populated\">\n\t\t\t\t\t\t\t\t<div class=\"elementor-element elementor-element-089a843 elementor-widget elementor-widget-text-editor\" data-id=\"089a843\" data-element_type=\"widget\" data-widget_type=\"text-editor.default\">\n\t\t\t\t<div class=\"elementor-widget-container\">\n\t\t\t\t\t\t\t<p>Ajudar neg\u00f3cios a superar seus desafios com o melhor da tecnologia \u00e9 nosso foco.<\/p>\t\t\t\t\t\t<\/div>\n\t\t\t\t<\/div>\n\t\t\t\t<div class=\"elementor-element elementor-element-fe8d04e elementor-widget elementor-widget-heading\" data-id=\"fe8d04e\" data-element_type=\"widget\" data-widget_type=\"heading.default\">\n\t\t\t\t<div class=\"elementor-widget-container\">\n\t\t\t<style>\/*! elementor - v3.13.0 - 08-05-2023 *\/\n.elementor-heading-title{padding:0;margin:0;line-height:1}.elementor-widget-heading .elementor-heading-title[class*=elementor-size-]>a{color:inherit;font-size:inherit;line-height:inherit}.elementor-widget-heading .elementor-heading-title.elementor-size-small{font-size:15px}.elementor-widget-heading .elementor-heading-title.elementor-size-medium{font-size:19px}.elementor-widget-heading .elementor-heading-title.elementor-size-large{font-size:29px}.elementor-widget-heading .elementor-heading-title.elementor-size-xl{font-size:39px}.elementor-widget-heading .elementor-heading-title.elementor-size-xxl{font-size:59px}<\/style><h2 class=\"elementor-heading-title elementor-size-default\">Conhe\u00e7a quem j\u00e1 trabalhou conosco.<\/h2>\t\t<\/div>\n\t\t\t\t<\/div>\n\t\t\t\t\t<\/div>\n\t\t<\/div>\n\t\t\t\t<div class=\"elementor-column elementor-col-50 elementor-top-column elementor-element elementor-element-b9e09d5\" data-id=\"b9e09d5\" data-element_type=\"column\">\n\t\t\t<div class=\"elementor-widget-wrap elementor-element-populated\">\n\t\t\t\t\t\t\t\t<div class=\"elementor-element elementor-element-0bdd749 elementor-widget-mobile__width-initial elementor-widget elementor-widget-image\" data-id=\"0bdd749\" data-element_type=\"widget\" data-widget_type=\"image.default\">\n\t\t\t\t<div class=\"elementor-widget-container\">\n\t\t\t\t\t\t\t\t\t\t\t\t\t\t\t<img decoding=\"async\" width=\"251\" height=\"332\" src=\"https:\/\/primeup.salsanova.cloud\/wp-content\/uploads\/2023\/05\/Grupo-291@3x.png\" class=\"attachment-large size-large wp-image-343\" alt=\"\" loading=\"lazy\" srcset=\"https:\/\/primeup.salsanova.cloud\/wp-content\/uploads\/2023\/05\/Grupo-291@3x.png 251w, https:\/\/primeup.salsanova.cloud\/wp-content\/uploads\/2023\/05\/Grupo-291@3x-227x300.png 227w\" sizes=\"(max-width: 251px) 100vw, 251px\" \/>\t\t\t\t\t\t\t\t\t\t\t\t\t\t\t<\/div>\n\t\t\t\t<\/div>\n\t\t\t\t\t<\/div>\n\t\t<\/div>\n\t\t\t\t\t\t\t<\/div>\n\t\t<\/section>\n\t\t\t\t<section class=\"elementor-section elementor-top-section elementor-element elementor-element-6a12b2d elementor-hidden-desktop elementor-section-boxed elementor-section-height-default elementor-section-height-default\" data-id=\"6a12b2d\" data-element_type=\"section\">\n\t\t\t\t\t\t<div class=\"elementor-container elementor-column-gap-no\">\n\t\t\t\t\t<div class=\"elementor-column elementor-col-100 elementor-top-column elementor-element elementor-element-293ffdf\" data-id=\"293ffdf\" data-element_type=\"column\">\n\t\t\t<div class=\"elementor-widget-wrap elementor-element-populated\">\n\t\t\t\t\t\t\t\t<div class=\"elementor-element elementor-element-339a337 elementor-widget elementor-widget-image\" data-id=\"339a337\" data-element_type=\"widget\" data-widget_type=\"image.default\">\n\t\t\t\t<div class=\"elementor-widget-container\">\n\t\t\t\t\t\t\t\t\t\t\t\t\t\t\t<img decoding=\"async\" width=\"747\" height=\"597\" src=\"https:\/\/primeup.salsanova.cloud\/wp-content\/uploads\/2023\/05\/1.png\" class=\"attachment-large size-large wp-image-367\" alt=\"\" loading=\"lazy\" srcset=\"https:\/\/primeup.salsanova.cloud\/wp-content\/uploads\/2023\/05\/1.png 747w, https:\/\/primeup.salsanova.cloud\/wp-content\/uploads\/2023\/05\/1-300x240.png 300w\" sizes=\"(max-width: 747px) 100vw, 747px\" \/>\t\t\t\t\t\t\t\t\t\t\t\t\t\t\t<\/div>\n\t\t\t\t<\/div>\n\t\t\t\t<div class=\"elementor-element elementor-element-c081c7f elementor-widget elementor-widget-image\" data-id=\"c081c7f\" data-element_type=\"widget\" data-widget_type=\"image.default\">\n\t\t\t\t<div class=\"elementor-widget-container\">\n\t\t\t\t\t\t\t\t\t\t\t\t\t\t\t<img decoding=\"async\" width=\"745\" height=\"681\" src=\"https:\/\/primeup.salsanova.cloud\/wp-content\/uploads\/2023\/05\/2-1.png\" class=\"attachment-large size-large wp-image-368\" alt=\"\" loading=\"lazy\" srcset=\"https:\/\/primeup.salsanova.cloud\/wp-content\/uploads\/2023\/05\/2-1.png 745w, https:\/\/primeup.salsanova.cloud\/wp-content\/uploads\/2023\/05\/2-1-300x274.png 300w\" sizes=\"(max-width: 745px) 100vw, 745px\" \/>\t\t\t\t\t\t\t\t\t\t\t\t\t\t\t<\/div>\n\t\t\t\t<\/div>\n\t\t\t\t<div class=\"elementor-element elementor-element-c75ace4 elementor-widget elementor-widget-image\" data-id=\"c75ace4\" data-element_type=\"widget\" data-widget_type=\"image.default\">\n\t\t\t\t<div class=\"elementor-widget-container\">\n\t\t\t\t\t\t\t\t\t\t\t\t\t\t\t<img decoding=\"async\" width=\"745\" height=\"588\" src=\"https:\/\/primeup.salsanova.cloud\/wp-content\/uploads\/2023\/05\/imagem_2023-05-19_211925636.png\" class=\"attachment-large size-large wp-image-369\" alt=\"\" loading=\"lazy\" srcset=\"https:\/\/primeup.salsanova.cloud\/wp-content\/uploads\/2023\/05\/imagem_2023-05-19_211925636.png 745w, https:\/\/primeup.salsanova.cloud\/wp-content\/uploads\/2023\/05\/imagem_2023-05-19_211925636-300x237.png 300w\" sizes=\"(max-width: 745px) 100vw, 745px\" \/>\t\t\t\t\t\t\t\t\t\t\t\t\t\t\t<\/div>\n\t\t\t\t<\/div>\n\t\t\t\t<div class=\"elementor-element elementor-element-5f04218 elementor-widget elementor-widget-image\" data-id=\"5f04218\" data-element_type=\"widget\" data-widget_type=\"image.default\">\n\t\t\t\t<div class=\"elementor-widget-container\">\n\t\t\t\t\t\t\t\t\t\t\t\t\t\t\t<img decoding=\"async\" width=\"744\" height=\"506\" src=\"https:\/\/primeup.salsanova.cloud\/wp-content\/uploads\/2023\/05\/4.png\" class=\"attachment-large size-large wp-image-371\" alt=\"\" loading=\"lazy\" srcset=\"https:\/\/primeup.salsanova.cloud\/wp-content\/uploads\/2023\/05\/4.png 744w, https:\/\/primeup.salsanova.cloud\/wp-content\/uploads\/2023\/05\/4-300x204.png 300w\" sizes=\"(max-width: 744px) 100vw, 744px\" \/>\t\t\t\t\t\t\t\t\t\t\t\t\t\t\t<\/div>\n\t\t\t\t<\/div>\n\t\t\t\t<div class=\"elementor-element elementor-element-4c2e284 elementor-widget elementor-widget-image\" data-id=\"4c2e284\" data-element_type=\"widget\" data-widget_type=\"image.default\">\n\t\t\t\t<div class=\"elementor-widget-container\">\n\t\t\t\t\t\t\t\t\t\t\t\t\t\t\t<img decoding=\"async\" width=\"745\" height=\"717\" src=\"https:\/\/primeup.salsanova.cloud\/wp-content\/uploads\/2023\/05\/5.png\" class=\"attachment-large size-large wp-image-372\" alt=\"\" loading=\"lazy\" srcset=\"https:\/\/primeup.salsanova.cloud\/wp-content\/uploads\/2023\/05\/5.png 745w, https:\/\/primeup.salsanova.cloud\/wp-content\/uploads\/2023\/05\/5-300x289.png 300w\" sizes=\"(max-width: 745px) 100vw, 745px\" \/>\t\t\t\t\t\t\t\t\t\t\t\t\t\t\t<\/div>\n\t\t\t\t<\/div>\n\t\t\t\t<div class=\"elementor-element elementor-element-28381d9 elementor-widget elementor-widget-image\" data-id=\"28381d9\" data-element_type=\"widget\" data-widget_type=\"image.default\">\n\t\t\t\t<div class=\"elementor-widget-container\">\n\t\t\t\t\t\t\t\t\t\t\t\t\t\t\t<img decoding=\"async\" width=\"748\" height=\"310\" src=\"https:\/\/primeup.salsanova.cloud\/wp-content\/uploads\/2023\/05\/6.png\" class=\"attachment-large size-large wp-image-373\" alt=\"\" loading=\"lazy\" srcset=\"https:\/\/primeup.salsanova.cloud\/wp-content\/uploads\/2023\/05\/6.png 748w, https:\/\/primeup.salsanova.cloud\/wp-content\/uploads\/2023\/05\/6-300x124.png 300w\" sizes=\"(max-width: 748px) 100vw, 748px\" \/>\t\t\t\t\t\t\t\t\t\t\t\t\t\t\t<\/div>\n\t\t\t\t<\/div>\n\t\t\t\t\t<\/div>\n\t\t<\/div>\n\t\t\t\t\t\t\t<\/div>\n\t\t<\/section>\n\t\t\t\t\t\t\t<\/div>\n\t\t","protected":false},"excerpt":{"rendered":"<p>Apoiamos nossos clientes em seus desafios de neg\u00f3cio. Conhe\u00e7a quem j\u00e1 trabalhou conosco. Ajudar neg\u00f3cios a superar seus desafios com o melhor da tecnologia \u00e9 nosso foco. Conhe\u00e7a quem j\u00e1 trabalhou conosco.<\/p>\n","protected":false},"author":1,"featured_media":0,"parent":0,"menu_order":0,"comment_status":"closed","ping_status":"closed","template":"elementor_header_footer","meta":[],"_links":{"self":[{"href":"https:\/\/primeup.salsanova.cloud\/index.php\/wp-json\/wp\/v2\/pages\/124"}],"collection":[{"href":"https:\/\/primeup.salsanova.cloud\/index.php\/wp-json\/wp\/v2\/pages"}],"about":[{"href":"https:\/\/primeup.salsanova.cloud\/index.php\/wp-json\/wp\/v2\/types\/page"}],"author":[{"embeddable":true,"href":"https:\/\/primeup.salsanova.cloud\/index.php\/wp-json\/wp\/v2\/users\/1"}],"replies":[{"embeddable":true,"href":"https:\/\/primeup.salsanova.cloud\/index.php\/wp-json\/wp\/v2\/comments?post=124"}],"version-history":[{"count":10,"href":"https:\/\/primeup.salsanova.cloud\/index.php\/wp-json\/wp\/v2\/pages\/124\/revisions"}],"predecessor-version":[{"id":379,"href":"https:\/\/primeup.salsanova.cloud\/index.php\/wp-json\/wp\/v2\/pages\/124\/revisions\/379"}],"wp:attachment":[{"href":"https:\/\/primeup.salsanova.cloud\/index.php\/wp-json\/wp\/v2\/media?parent=124"}],"curies":[{"name":"wp","href":"https:\/\/api.w.org\/{rel}","templated":true}]}}